{"id":148,"date":"2023-07-19T17:12:21","date_gmt":"2023-07-19T21:12:21","guid":{"rendered":"https:\/\/www.jmwines.fr\/?page_id=148"},"modified":"2023-07-21T20:04:56","modified_gmt":"2023-07-22T00:04:56","slug":"mentions-legales","status":"publish","type":"page","link":"https:\/\/www.jmwines.fr\/?page_id=148","title":{"rendered":"Mentions L\u00e9gales"},"content":{"rendered":"\n<div class=\"wp-block-group is-vertical is-content-justification-left is-layout-flex wp-container-core-group-is-layout-c0ca7d81 wp-block-group-is-layout-flex\">\n<p>J &amp; M WINES <\/p>\n\n\n\n<p>Soci\u00e9t\u00e9 par Actions Simplifi\u00e9e au capital social de 1000 \u20ac<\/p>\n\n\n\n<p>RCS de Fort-de-France 921768768<\/p>\n\n\n\n<p>TVA Intra-communautaire FR52921768768<\/p>\n<\/div>\n","protected":false},"excerpt":{"rendered":"<p>J &amp; M WINES Soci\u00e9t\u00e9 par Actions Simplifi\u00e9e au capital social de 1000 \u20ac RCS de Fort-de-France 921768768 TVA Intra-communautaire FR52921768768<\/p>\n","protected":false},"author":1,"featured_media":0,"parent":0,"menu_order":0,"comment_status":"closed","ping_status":"closed","template":"","meta":{"footnotes":""},"class_list":["post-148","page","type-page","status-publish","hentry"],"_links":{"self":[{"href":"https:\/\/www.jmwines.fr\/index.php?rest_route=\/wp\/v2\/pages\/148","targetHints":{"allow":["GET"]}}],"collection":[{"href":"https:\/\/www.jmwines.fr\/index.php?rest_route=\/wp\/v2\/pages"}],"about":[{"href":"https:\/\/www.jmwines.fr\/index.php?rest_route=\/wp\/v2\/types\/page"}],"author":[{"embeddable":true,"href":"https:\/\/www.jmwines.fr\/index.php?rest_route=\/wp\/v2\/users\/1"}],"replies":[{"embeddable":true,"href":"https:\/\/www.jmwines.fr\/index.php?rest_route=%2Fwp%2Fv2%2Fcomments&post=148"}],"version-history":[{"count":5,"href":"https:\/\/www.jmwines.fr\/index.php?rest_route=\/wp\/v2\/pages\/148\/revisions"}],"predecessor-version":[{"id":214,"href":"https:\/\/www.jmwines.fr\/index.php?rest_route=\/wp\/v2\/pages\/148\/revisions\/214"}],"wp:attachment":[{"href":"https:\/\/www.jmwines.fr\/index.php?rest_route=%2Fwp%2Fv2%2Fmedia&parent=148"}],"curies":[{"name":"wp","href":"https:\/\/api.w.org\/{rel}","templated":true}]}}