{"id":113,"date":"2023-07-18T22:07:41","date_gmt":"2023-07-19T02:07:41","guid":{"rendered":"https:\/\/www.jmwines.fr\/?page_id=113"},"modified":"2023-08-16T15:30:36","modified_gmt":"2023-08-16T19:30:36","slug":"qui-sommes-nous","status":"publish","type":"page","link":"https:\/\/www.jmwines.fr\/?page_id=113","title":{"rendered":"Qui sommes nous ?"},"content":{"rendered":"\n<p>J&amp;M Wines c\u2019est avant tout une aventure entre 2 amis, amateurs de bons champagnes, qui ont voulu faire d\u00e9couvrir des champagnes de r\u00e9coltants-manipulants issus de la r\u00e9gion CHAMPAGNE sur les DOM, et plus particuli\u00e8rement en Martinique.<\/p>\n\n\n\n<p>Ces champagnes sont s\u00e9lectionn\u00e9s apr\u00e8s avoir visit\u00e9 les installations, vu les divers process de fabrication et bien \u00e9videmment \u00e9t\u00e9 test\u00e9s.<\/p>\n\n\n\n<p>Les champagnes de r\u00e9coltants manipulants repr\u00e9sentent une vrai alternative aux grandes marques; ils restent tr\u00e8s abordables en terme tarifaire, sans aucune alt\u00e9ration de la qualit\u00e9 du vin propos\u00e9.<\/p>\n\n\n\n<p><strong>J&amp;M Wines a n\u00e9goci\u00e9 pour vous un accord d\u2019exclusivit\u00e9 pour leur importation, vous ne trouverez donc nos champagnes nulle part ailleurs<\/strong>, sur les DOM Carib\u00e9ens.<\/p>\n\n\n\n<p>Afin de pouvoir les d\u00e9couvrir, nous vous invitons \u00e0 vous rendre sur notre boutique, en cliquant sur l&rsquo;onglet \u00ab\u00a0STORE\u00a0\u00bb.<\/p>\n\n\n\n<p>Retrouvez-nous \u00e9galement sur Instagram : <a href=\"https:\/\/www.instagram.com\/jmwinesfwi\/\">https:\/\/www.instagram.com\/jmwinesfwi\/<\/a><\/p>\n\n\n\n<p><\/p>\n\n\n\n<p><\/p>\n","protected":false},"excerpt":{"rendered":"<p>J&amp;M Wines c\u2019est avant tout une aventure entre 2 amis, amateurs de bons champagnes, qui ont voulu faire d\u00e9couvrir des champagnes de r\u00e9coltants-manipulants issus de la r\u00e9gion CHAMPAGNE sur les DOM, et plus particuli\u00e8rement en Martinique. Ces champagnes sont s\u00e9lectionn\u00e9s apr\u00e8s avoir visit\u00e9 les installations, vu les divers process de fabrication et bien \u00e9videmment \u00e9t\u00e9 &hellip; <\/p>\n<p class=\"link-more\"><a href=\"https:\/\/www.jmwines.fr\/?page_id=113\" class=\"more-link\">Continuer la lecture<span class=\"screen-reader-text\"> de &laquo;&nbsp;Qui sommes nous ?&nbsp;&raquo;<\/span><\/a><\/p>\n","protected":false},"author":1,"featured_media":0,"parent":0,"menu_order":0,"comment_status":"closed","ping_status":"closed","template":"","meta":{"footnotes":""},"class_list":["post-113","page","type-page","status-publish","hentry"],"_links":{"self":[{"href":"https:\/\/www.jmwines.fr\/index.php?rest_route=\/wp\/v2\/pages\/113","targetHints":{"allow":["GET"]}}],"collection":[{"href":"https:\/\/www.jmwines.fr\/index.php?rest_route=\/wp\/v2\/pages"}],"about":[{"href":"https:\/\/www.jmwines.fr\/index.php?rest_route=\/wp\/v2\/types\/page"}],"author":[{"embeddable":true,"href":"https:\/\/www.jmwines.fr\/index.php?rest_route=\/wp\/v2\/users\/1"}],"replies":[{"embeddable":true,"href":"https:\/\/www.jmwines.fr\/index.php?rest_route=%2Fwp%2Fv2%2Fcomments&post=113"}],"version-history":[{"count":14,"href":"https:\/\/www.jmwines.fr\/index.php?rest_route=\/wp\/v2\/pages\/113\/revisions"}],"predecessor-version":[{"id":256,"href":"https:\/\/www.jmwines.fr\/index.php?rest_route=\/wp\/v2\/pages\/113\/revisions\/256"}],"wp:attachment":[{"href":"https:\/\/www.jmwines.fr\/index.php?rest_route=%2Fwp%2Fv2%2Fmedia&parent=113"}],"curies":[{"name":"wp","href":"https:\/\/api.w.org\/{rel}","templated":true}]}}